{"id":297,"date":"2023-01-04T09:48:09","date_gmt":"2023-01-04T12:48:09","guid":{"rendered":"https:\/\/mobilesentrix.com.ar\/?post_type=product&#038;p=297"},"modified":"2023-10-21T23:30:34","modified_gmt":"2023-10-22T02:30:34","slug":"cargador-20w-usb-c","status":"publish","type":"product","link":"https:\/\/mobilesentrix.com.ar\/index.php\/product\/cargador-20w-usb-c\/","title":{"rendered":"Cargador Apple 20W USB-C ORIGINAL"},"content":{"rendered":"<p><span data-sheets-value=\"{&quot;1&quot;:2,&quot;2&quot;:&quot;\\nEl adaptador de corriente USB-C de 20 W de Apple ofrece una carga r\u00e1pida y eficiente en casa, en la oficina o mientras viaja. Comb\u00ednalo con el iPhone 8 o posterior para una carga r\u00e1pida: 50 por ciento de la bater\u00eda en aproximadamente 35 minutos. O comb\u00ednalo con el iPad Pro y el iPad Air para un rendimiento de carga \u00f3ptimo. Compatible con cualquier dispositivo habilitado para USB-C.\\n\\nEl cable de carga se vende por separado.&quot;}\" data-sheets-userformat=\"{&quot;2&quot;:13309,&quot;3&quot;:{&quot;1&quot;:0},&quot;5&quot;:{&quot;1&quot;:[{&quot;1&quot;:2,&quot;2&quot;:0,&quot;5&quot;:{&quot;1&quot;:2,&quot;2&quot;:0}},{&quot;1&quot;:0,&quot;2&quot;:0,&quot;3&quot;:3},{&quot;1&quot;:1,&quot;2&quot;:0,&quot;4&quot;:1}]},&quot;6&quot;:{&quot;1&quot;:[{&quot;1&quot;:2,&quot;2&quot;:0,&quot;5&quot;:{&quot;1&quot;:2,&quot;2&quot;:0}},{&quot;1&quot;:0,&quot;2&quot;:0,&quot;3&quot;:3},{&quot;1&quot;:1,&quot;2&quot;:0,&quot;4&quot;:1}]},&quot;7&quot;:{&quot;1&quot;:[{&quot;1&quot;:2,&quot;2&quot;:0,&quot;5&quot;:{&quot;1&quot;:2,&quot;2&quot;:0}},{&quot;1&quot;:0,&quot;2&quot;:0,&quot;3&quot;:3},{&quot;1&quot;:1,&quot;2&quot;:0,&quot;4&quot;:1}]},&quot;8&quot;:{&quot;1&quot;:[{&quot;1&quot;:2,&quot;2&quot;:0,&quot;5&quot;:{&quot;1&quot;:2,&quot;2&quot;:0}},{&quot;1&quot;:0,&quot;2&quot;:0,&quot;3&quot;:3},{&quot;1&quot;:1,&quot;2&quot;:0,&quot;4&quot;:1}]},&quot;9&quot;:1,&quot;10&quot;:1,&quot;11&quot;:4,&quot;12&quot;:0,&quot;15&quot;:&quot;Montserrat&quot;,&quot;16&quot;:11}\"><br \/>\nEl adaptador de corriente USB-C de 20 W de Apple ofrece una carga r\u00e1pida y eficiente en casa, en la oficina o mientras viaja. Comb\u00ednalo con el iPhone 8 o posterior para una carga r\u00e1pida: 50 por ciento de la bater\u00eda en aproximadamente 35 minutos. O comb\u00ednalo con el iPad Pro y el iPad Air para un rendimiento de carga \u00f3ptimo. Compatible con cualquier dispositivo habilitado para USB-C.<\/span><\/p>\n<p>El cable de carga se vende por separado.<\/p>\n","protected":false},"excerpt":{"rendered":"<p><span data-sheets-value=\"{&quot;1&quot;:2,&quot;2&quot;:&quot;\\nEl adaptador de corriente USB-C de 20 W de Apple ofrece una carga r\u00e1pida y eficiente en casa, en la oficina o mientras viaja. Comb\u00ednalo con el iPhone 8 o posterior para una carga r\u00e1pida: 50 por ciento de la bater\u00eda en aproximadamente 35 minutos. O comb\u00ednalo con el iPad Pro y el iPad Air para un rendimiento de carga \u00f3ptimo. Compatible con cualquier dispositivo habilitado para USB-C.\\n\\nEl cable de carga se vende por separado.&quot;}\" data-sheets-userformat=\"{&quot;2&quot;:13309,&quot;3&quot;:{&quot;1&quot;:0},&quot;5&quot;:{&quot;1&quot;:[{&quot;1&quot;:2,&quot;2&quot;:0,&quot;5&quot;:{&quot;1&quot;:2,&quot;2&quot;:0}},{&quot;1&quot;:0,&quot;2&quot;:0,&quot;3&quot;:3},{&quot;1&quot;:1,&quot;2&quot;:0,&quot;4&quot;:1}]},&quot;6&quot;:{&quot;1&quot;:[{&quot;1&quot;:2,&quot;2&quot;:0,&quot;5&quot;:{&quot;1&quot;:2,&quot;2&quot;:0}},{&quot;1&quot;:0,&quot;2&quot;:0,&quot;3&quot;:3},{&quot;1&quot;:1,&quot;2&quot;:0,&quot;4&quot;:1}]},&quot;7&quot;:{&quot;1&quot;:[{&quot;1&quot;:2,&quot;2&quot;:0,&quot;5&quot;:{&quot;1&quot;:2,&quot;2&quot;:0}},{&quot;1&quot;:0,&quot;2&quot;:0,&quot;3&quot;:3},{&quot;1&quot;:1,&quot;2&quot;:0,&quot;4&quot;:1}]},&quot;8&quot;:{&quot;1&quot;:[{&quot;1&quot;:2,&quot;2&quot;:0,&quot;5&quot;:{&quot;1&quot;:2,&quot;2&quot;:0}},{&quot;1&quot;:0,&quot;2&quot;:0,&quot;3&quot;:3},{&quot;1&quot;:1,&quot;2&quot;:0,&quot;4&quot;:1}]},&quot;9&quot;:1,&quot;10&quot;:1,&quot;11&quot;:4,&quot;12&quot;:0,&quot;15&quot;:&quot;Montserrat&quot;,&quot;16&quot;:11}\"><br \/>\nEl adaptador de corriente USB-C de 20 W de Apple ofrece una carga r\u00e1pida y eficiente en casa, en la oficina o mientras viaja. Comb\u00ednalo con el iPhone 8 o posterior para una carga r\u00e1pida: 50 por ciento de la bater\u00eda en aproximadamente 35 minutos. O comb\u00ednalo con el iPad Pro y el iPad Air para un rendimiento de carga \u00f3ptimo. Compatible con cualquier dispositivo habilitado para USB-C.<\/span><\/p>\n<p>El cable de carga se vende por separado.<\/p>\n","protected":false},"featured_media":759,"comment_status":"open","ping_status":"closed","template":"","meta":[],"product_cat":[26],"product_tag":[],"_links":{"self":[{"href":"https:\/\/mobilesentrix.com.ar\/index.php\/wp-json\/wp\/v2\/product\/297"}],"collection":[{"href":"https:\/\/mobilesentrix.com.ar\/index.php\/wp-json\/wp\/v2\/product"}],"about":[{"href":"https:\/\/mobilesentrix.com.ar\/index.php\/wp-json\/wp\/v2\/types\/product"}],"replies":[{"embeddable":true,"href":"https:\/\/mobilesentrix.com.ar\/index.php\/wp-json\/wp\/v2\/comments?post=297"}],"wp:featuredmedia":[{"embeddable":true,"href":"https:\/\/mobilesentrix.com.ar\/index.php\/wp-json\/wp\/v2\/media\/759"}],"wp:attachment":[{"href":"https:\/\/mobilesentrix.com.ar\/index.php\/wp-json\/wp\/v2\/media?parent=297"}],"wp:term":[{"taxonomy":"product_cat","embeddable":true,"href":"https:\/\/mobilesentrix.com.ar\/index.php\/wp-json\/wp\/v2\/product_cat?post=297"},{"taxonomy":"product_tag","embeddable":true,"href":"https:\/\/mobilesentrix.com.ar\/index.php\/wp-json\/wp\/v2\/product_tag?post=297"}],"curies":[{"name":"wp","href":"https:\/\/api.w.org\/{rel}","templated":true}]}}