{"id":281,"date":"2023-01-04T09:31:14","date_gmt":"2023-01-04T12:31:14","guid":{"rendered":"https:\/\/mobilesentrix.com.ar\/?post_type=product&#038;p=281"},"modified":"2023-10-21T23:30:31","modified_gmt":"2023-10-22T02:30:31","slug":"bateria-compatible-con-iphone-13-ampsentrix","status":"publish","type":"product","link":"https:\/\/mobilesentrix.com.ar\/index.php\/product\/bateria-compatible-con-iphone-13-ampsentrix\/","title":{"rendered":"Bater\u00eda compatible con iPhone 13 (AMPSENTRIX)"},"content":{"rendered":"<p><span data-sheets-value=\"{&quot;1&quot;:2,&quot;2&quot;:&quot;Reemplazo de bater\u00eda de calidad premium para iPhone 13.\\nSi su iPhone 13 se agota r\u00e1pidamente o si la bater\u00eda se da\u00f1\u00f3 y no se puede cargar, puede obtener la nueva bater\u00eda de reemplazo para su iPhone 13.\\nEn comparaci\u00f3n con otras bater\u00edas, esta bater\u00eda de iones de litio se carga m\u00e1s r\u00e1pido, dura m\u00e1s y tiene una mayor densidad de energ\u00eda para una mayor duraci\u00f3n de la bater\u00eda en un paquete m\u00e1s liviano.\\nLa bater\u00eda que proporcionamos es recargable y respetuosa con el medio ambiente.\\nEsta es una bater\u00eda duradera y asequible.\\nMuy recomendable la instalaci\u00f3n profesional.\\nDise\u00f1o especial Bater\u00eda de alta calidad para iPhone 13 \\nCapacidad de 3240 mAh.\\nCompatible con A2633 \/ A2482 \/ A2631 \/A2634 \/ A2635.&quot;}\" data-sheets-userformat=\"{&quot;2&quot;:13309,&quot;3&quot;:{&quot;1&quot;:0},&quot;5&quot;:{&quot;1&quot;:[{&quot;1&quot;:2,&quot;2&quot;:0,&quot;5&quot;:{&quot;1&quot;:2,&quot;2&quot;:0}},{&quot;1&quot;:0,&quot;2&quot;:0,&quot;3&quot;:3},{&quot;1&quot;:1,&quot;2&quot;:0,&quot;4&quot;:1}]},&quot;6&quot;:{&quot;1&quot;:[{&quot;1&quot;:2,&quot;2&quot;:0,&quot;5&quot;:{&quot;1&quot;:2,&quot;2&quot;:0}},{&quot;1&quot;:0,&quot;2&quot;:0,&quot;3&quot;:3},{&quot;1&quot;:1,&quot;2&quot;:0,&quot;4&quot;:1}]},&quot;7&quot;:{&quot;1&quot;:[{&quot;1&quot;:2,&quot;2&quot;:0,&quot;5&quot;:{&quot;1&quot;:2,&quot;2&quot;:0}},{&quot;1&quot;:0,&quot;2&quot;:0,&quot;3&quot;:3},{&quot;1&quot;:1,&quot;2&quot;:0,&quot;4&quot;:1}]},&quot;8&quot;:{&quot;1&quot;:[{&quot;1&quot;:2,&quot;2&quot;:0,&quot;5&quot;:{&quot;1&quot;:2,&quot;2&quot;:0}},{&quot;1&quot;:0,&quot;2&quot;:0,&quot;3&quot;:3},{&quot;1&quot;:1,&quot;2&quot;:0,&quot;4&quot;:1}]},&quot;9&quot;:0,&quot;10&quot;:1,&quot;11&quot;:4,&quot;12&quot;:0,&quot;15&quot;:&quot;Montserrat&quot;,&quot;16&quot;:11}\" data-sheets-textstyleruns=\"{&quot;1&quot;:0}\uee10{&quot;1&quot;:662,&quot;2&quot;:{&quot;5&quot;:1}}\">Reemplazo de bater\u00eda de calidad premium para iPhone 13.<br \/>\nSi su iPhone 13 se agota r\u00e1pidamente o si la bater\u00eda se da\u00f1\u00f3 y no se puede cargar, puede obtener la nueva bater\u00eda de reemplazo para su iPhone 13.<br \/>\nEn comparaci\u00f3n con otras bater\u00edas, esta bater\u00eda de iones de litio se carga m\u00e1s r\u00e1pido, dura m\u00e1s y tiene una mayor densidad de energ\u00eda para una mayor duraci\u00f3n de la bater\u00eda en un paquete m\u00e1s liviano.<br \/>\nLa bater\u00eda que proporcionamos es recargable y respetuosa con el medio ambiente.<br \/>\nEsta es una bater\u00eda duradera y asequible.<br \/>\nMuy recomendable la instalaci\u00f3n profesional.<br \/>\nDise\u00f1o especial Bater\u00eda de alta calidad para iPhone 13<br \/>\nCapacidad de 3240 mAh.<br \/>\nCompatible con A2633 \/ A2482 \/ A2631 \/A2634 \/ A2635.<\/span><\/p>\n","protected":false},"excerpt":{"rendered":"<p><span data-sheets-value=\"{&quot;1&quot;:2,&quot;2&quot;:&quot;Reemplazo de bater\u00eda de calidad premium para iPhone 13.\\nSi su iPhone 13 se agota r\u00e1pidamente o si la bater\u00eda se da\u00f1\u00f3 y no se puede cargar, puede obtener la nueva bater\u00eda de reemplazo para su iPhone 13.\\nEn comparaci\u00f3n con otras bater\u00edas, esta bater\u00eda de iones de litio se carga m\u00e1s r\u00e1pido, dura m\u00e1s y tiene una mayor densidad de energ\u00eda para una mayor duraci\u00f3n de la bater\u00eda en un paquete m\u00e1s liviano.\\nLa bater\u00eda que proporcionamos es recargable y respetuosa con el medio ambiente.\\nEsta es una bater\u00eda duradera y asequible.\\nMuy recomendable la instalaci\u00f3n profesional.\\nDise\u00f1o especial Bater\u00eda de alta calidad para iPhone 13 \\nCapacidad de 3240 mAh.\\nCompatible con A2633 \/ A2482 \/ A2631 \/A2634 \/ A2635.&quot;}\" data-sheets-userformat=\"{&quot;2&quot;:13309,&quot;3&quot;:{&quot;1&quot;:0},&quot;5&quot;:{&quot;1&quot;:[{&quot;1&quot;:2,&quot;2&quot;:0,&quot;5&quot;:{&quot;1&quot;:2,&quot;2&quot;:0}},{&quot;1&quot;:0,&quot;2&quot;:0,&quot;3&quot;:3},{&quot;1&quot;:1,&quot;2&quot;:0,&quot;4&quot;:1}]},&quot;6&quot;:{&quot;1&quot;:[{&quot;1&quot;:2,&quot;2&quot;:0,&quot;5&quot;:{&quot;1&quot;:2,&quot;2&quot;:0}},{&quot;1&quot;:0,&quot;2&quot;:0,&quot;3&quot;:3},{&quot;1&quot;:1,&quot;2&quot;:0,&quot;4&quot;:1}]},&quot;7&quot;:{&quot;1&quot;:[{&quot;1&quot;:2,&quot;2&quot;:0,&quot;5&quot;:{&quot;1&quot;:2,&quot;2&quot;:0}},{&quot;1&quot;:0,&quot;2&quot;:0,&quot;3&quot;:3},{&quot;1&quot;:1,&quot;2&quot;:0,&quot;4&quot;:1}]},&quot;8&quot;:{&quot;1&quot;:[{&quot;1&quot;:2,&quot;2&quot;:0,&quot;5&quot;:{&quot;1&quot;:2,&quot;2&quot;:0}},{&quot;1&quot;:0,&quot;2&quot;:0,&quot;3&quot;:3},{&quot;1&quot;:1,&quot;2&quot;:0,&quot;4&quot;:1}]},&quot;9&quot;:0,&quot;10&quot;:1,&quot;11&quot;:4,&quot;12&quot;:0,&quot;15&quot;:&quot;Montserrat&quot;,&quot;16&quot;:11}\" data-sheets-textstyleruns=\"{&quot;1&quot;:0}\uee10{&quot;1&quot;:662,&quot;2&quot;:{&quot;5&quot;:1}}\">Reemplazo de bater\u00eda de calidad premium para iPhone 13.<br \/>\nSi su iPhone 13 se agota r\u00e1pidamente o si la bater\u00eda se da\u00f1\u00f3 y no se puede cargar, puede obtener la nueva bater\u00eda de reemplazo para su iPhone 13.<br \/>\nEn comparaci\u00f3n con otras bater\u00edas, esta bater\u00eda de iones de litio se carga m\u00e1s r\u00e1pido, dura m\u00e1s y tiene una mayor densidad de energ\u00eda para una mayor duraci\u00f3n de la bater\u00eda en un paquete m\u00e1s liviano.<br \/>\nLa bater\u00eda que proporcionamos es recargable y respetuosa con el medio ambiente.<br \/>\nEsta es una bater\u00eda duradera y asequible.<br \/>\nMuy recomendable la instalaci\u00f3n profesional.<br \/>\nDise\u00f1o especial Bater\u00eda de alta calidad para iPhone 13<br \/>\nCapacidad de 3240 mAh.<br \/>\nCompatible con A2633 \/ A2482 \/ A2631 \/A2634 \/ A2635.<\/span><\/p>\n","protected":false},"featured_media":748,"comment_status":"open","ping_status":"closed","template":"","meta":[],"product_cat":[24],"product_tag":[],"_links":{"self":[{"href":"https:\/\/mobilesentrix.com.ar\/index.php\/wp-json\/wp\/v2\/product\/281"}],"collection":[{"href":"https:\/\/mobilesentrix.com.ar\/index.php\/wp-json\/wp\/v2\/product"}],"about":[{"href":"https:\/\/mobilesentrix.com.ar\/index.php\/wp-json\/wp\/v2\/types\/product"}],"replies":[{"embeddable":true,"href":"https:\/\/mobilesentrix.com.ar\/index.php\/wp-json\/wp\/v2\/comments?post=281"}],"wp:featuredmedia":[{"embeddable":true,"href":"https:\/\/mobilesentrix.com.ar\/index.php\/wp-json\/wp\/v2\/media\/748"}],"wp:attachment":[{"href":"https:\/\/mobilesentrix.com.ar\/index.php\/wp-json\/wp\/v2\/media?parent=281"}],"wp:term":[{"taxonomy":"product_cat","embeddable":true,"href":"https:\/\/mobilesentrix.com.ar\/index.php\/wp-json\/wp\/v2\/product_cat?post=281"},{"taxonomy":"product_tag","embeddable":true,"href":"https:\/\/mobilesentrix.com.ar\/index.php\/wp-json\/wp\/v2\/product_tag?post=281"}],"curies":[{"name":"wp","href":"https:\/\/api.w.org\/{rel}","templated":true}]}}