{"id":261,"date":"2023-01-04T09:01:34","date_gmt":"2023-01-04T12:01:34","guid":{"rendered":"https:\/\/mobilesentrix.com.ar\/?post_type=product&#038;p=261"},"modified":"2023-10-21T23:30:31","modified_gmt":"2023-10-22T02:30:31","slug":"bateria-compatible-con-iphone-12-pro-max-ampsentrix","status":"publish","type":"product","link":"https:\/\/mobilesentrix.com.ar\/index.php\/product\/bateria-compatible-con-iphone-12-pro-max-ampsentrix\/","title":{"rendered":"Bater\u00eda compatible con iPhone 12 Pro Max (AMPSENTRIX)"},"content":{"rendered":"<p><span data-sheets-value=\"{&quot;1&quot;:2,&quot;2&quot;:&quot;Bater\u00eda de repuesto AmpSentrix Core de la mejor calidad para iPhone 12.nAmpSentrix Core le permite reemplazar las bater\u00edas para iPhone 12 y superior sin limitar los datos de estado de la bater\u00eda de su cliente.nEn comparaci\u00f3n con otras bater\u00edas, esta bater\u00eda AmpSentrix Core se carga m\u00e1s r\u00e1pido, dura m\u00e1s y tiene una mayor densidad de energ\u00eda para una mayor duraci\u00f3n de la bater\u00eda en un paquete m\u00e1s liviano.nNuestras bater\u00edas AmpSentrix Core no solo cumplen con los est\u00e1ndares de la industria, sino que tambi\u00e9n estamos certificados por est\u00e1ndares oficiales.nTodas las bater\u00edas AmpSentrix Core vienen con recuento de cero ciclos, chip de indicador de gas TI OEM y adhesivo de bater\u00eda preinstalado.nEsta es una bater\u00eda recargable y respetuosa con el medio ambiente.nMuy recomendable la instalaci\u00f3n profesional.nCompatible con A2341 \/ A2406 \/ A2408 \/ A2407 \/ A2403 \/ A2172 \/ A2402 \/ A2404.n&quot;}\" data-sheets-userformat=\"{&quot;2&quot;:13309,&quot;3&quot;:{&quot;1&quot;:0},&quot;5&quot;:{&quot;1&quot;:[{&quot;1&quot;:2,&quot;2&quot;:0,&quot;5&quot;:{&quot;1&quot;:2,&quot;2&quot;:0}},{&quot;1&quot;:0,&quot;2&quot;:0,&quot;3&quot;:3},{&quot;1&quot;:1,&quot;2&quot;:0,&quot;4&quot;:1}]},&quot;6&quot;:{&quot;1&quot;:[{&quot;1&quot;:2,&quot;2&quot;:0,&quot;5&quot;:{&quot;1&quot;:2,&quot;2&quot;:0}},{&quot;1&quot;:0,&quot;2&quot;:0,&quot;3&quot;:3},{&quot;1&quot;:1,&quot;2&quot;:0,&quot;4&quot;:1}]},&quot;7&quot;:{&quot;1&quot;:[{&quot;1&quot;:2,&quot;2&quot;:0,&quot;5&quot;:{&quot;1&quot;:2,&quot;2&quot;:0}},{&quot;1&quot;:0,&quot;2&quot;:0,&quot;3&quot;:3},{&quot;1&quot;:1,&quot;2&quot;:0,&quot;4&quot;:1}]},&quot;8&quot;:{&quot;1&quot;:[{&quot;1&quot;:2,&quot;2&quot;:0,&quot;5&quot;:{&quot;1&quot;:2,&quot;2&quot;:0}},{&quot;1&quot;:0,&quot;2&quot;:0,&quot;3&quot;:3},{&quot;1&quot;:1,&quot;2&quot;:0,&quot;4&quot;:1}]},&quot;9&quot;:0,&quot;10&quot;:1,&quot;11&quot;:4,&quot;12&quot;:0,&quot;15&quot;:&quot;Montserrat&quot;,&quot;16&quot;:11}\" data-sheets-textstyleruns=\"{&quot;1&quot;:0}\uee10{&quot;1&quot;:824,&quot;2&quot;:{&quot;5&quot;:1}}\uee10{&quot;1&quot;:886}\">Reemplazo de bater\u00eda Ampsentrix de la m\u00e1s alta calidad para iPhone 12 Pro Max.<br \/>\nLas bater\u00edas Ampsentrix son bater\u00edas del mismo tama\u00f1o con m\u00e1s capacidad.\u00a0Esto es posible gracias a las nuevas tecnolog\u00edas centrales.<br \/>\nEn comparaci\u00f3n con otras bater\u00edas, esta bater\u00eda Ampsentrix se carga m\u00e1s r\u00e1pido, dura m\u00e1s y tiene una mayor densidad de energ\u00eda para una mayor duraci\u00f3n de la bater\u00eda en un paquete m\u00e1s liviano.<br \/>\nNuestras bater\u00edas nuevas no solo cumplen con los est\u00e1ndares de la industria, sino que tambi\u00e9n estamos certificados por est\u00e1ndares oficiales.<br \/>\nTodas las bater\u00edas de iPhone vienen con recuento de cero ciclos, chip de indicador de gas TI OEM y adhesivo de bater\u00eda preinstalado.<br \/>\nReemplace su bater\u00eda da\u00f1ada o sin cargar con nuestra bater\u00eda de la mejor calidad para su iPhone 12 Pro Max.<br \/>\nInstalaci\u00f3n profesional altamente requerida.<br \/>\nEs una bater\u00eda de repuesto especialmente dise\u00f1ada para iPhone 12 Pro Max.<br \/>\nCapacidad de 3687 mAh.<br \/>\nCompatible con A2342 \/ A2410 \/ A2412 \/ A2411.<\/span><\/p>\n","protected":false},"excerpt":{"rendered":"<p><span data-sheets-value=\"{&quot;1&quot;:2,&quot;2&quot;:&quot;Bater\u00eda de repuesto AmpSentrix Core de la mejor calidad para iPhone 12.nAmpSentrix Core le permite reemplazar las bater\u00edas para iPhone 12 y superior sin limitar los datos de estado de la bater\u00eda de su cliente.nEn comparaci\u00f3n con otras bater\u00edas, esta bater\u00eda AmpSentrix Core se carga m\u00e1s r\u00e1pido, dura m\u00e1s y tiene una mayor densidad de energ\u00eda para una mayor duraci\u00f3n de la bater\u00eda en un paquete m\u00e1s liviano.nNuestras bater\u00edas AmpSentrix Core no solo cumplen con los est\u00e1ndares de la industria, sino que tambi\u00e9n estamos certificados por est\u00e1ndares oficiales.nTodas las bater\u00edas AmpSentrix Core vienen con recuento de cero ciclos, chip de indicador de gas TI OEM y adhesivo de bater\u00eda preinstalado.nEsta es una bater\u00eda recargable y respetuosa con el medio ambiente.nMuy recomendable la instalaci\u00f3n profesional.nCompatible con A2341 \/ A2406 \/ A2408 \/ A2407 \/ A2403 \/ A2172 \/ A2402 \/ A2404.n&quot;}\" data-sheets-userformat=\"{&quot;2&quot;:13309,&quot;3&quot;:{&quot;1&quot;:0},&quot;5&quot;:{&quot;1&quot;:[{&quot;1&quot;:2,&quot;2&quot;:0,&quot;5&quot;:{&quot;1&quot;:2,&quot;2&quot;:0}},{&quot;1&quot;:0,&quot;2&quot;:0,&quot;3&quot;:3},{&quot;1&quot;:1,&quot;2&quot;:0,&quot;4&quot;:1}]},&quot;6&quot;:{&quot;1&quot;:[{&quot;1&quot;:2,&quot;2&quot;:0,&quot;5&quot;:{&quot;1&quot;:2,&quot;2&quot;:0}},{&quot;1&quot;:0,&quot;2&quot;:0,&quot;3&quot;:3},{&quot;1&quot;:1,&quot;2&quot;:0,&quot;4&quot;:1}]},&quot;7&quot;:{&quot;1&quot;:[{&quot;1&quot;:2,&quot;2&quot;:0,&quot;5&quot;:{&quot;1&quot;:2,&quot;2&quot;:0}},{&quot;1&quot;:0,&quot;2&quot;:0,&quot;3&quot;:3},{&quot;1&quot;:1,&quot;2&quot;:0,&quot;4&quot;:1}]},&quot;8&quot;:{&quot;1&quot;:[{&quot;1&quot;:2,&quot;2&quot;:0,&quot;5&quot;:{&quot;1&quot;:2,&quot;2&quot;:0}},{&quot;1&quot;:0,&quot;2&quot;:0,&quot;3&quot;:3},{&quot;1&quot;:1,&quot;2&quot;:0,&quot;4&quot;:1}]},&quot;9&quot;:0,&quot;10&quot;:1,&quot;11&quot;:4,&quot;12&quot;:0,&quot;15&quot;:&quot;Montserrat&quot;,&quot;16&quot;:11}\" data-sheets-textstyleruns=\"{&quot;1&quot;:0}\uee10{&quot;1&quot;:824,&quot;2&quot;:{&quot;5&quot;:1}}\uee10{&quot;1&quot;:886}\">Reemplazo de bater\u00eda Ampsentrix de la m\u00e1s alta calidad para iPhone 12 Pro Max.<br \/>\nLas bater\u00edas Ampsentrix son bater\u00edas del mismo tama\u00f1o con m\u00e1s capacidad.\u00a0Esto es posible gracias a las nuevas tecnolog\u00edas centrales.<br \/>\nEn comparaci\u00f3n con otras bater\u00edas, esta bater\u00eda Ampsentrix se carga m\u00e1s r\u00e1pido, dura m\u00e1s y tiene una mayor densidad de energ\u00eda para una mayor duraci\u00f3n de la bater\u00eda en un paquete m\u00e1s liviano.<br \/>\nNuestras bater\u00edas nuevas no solo cumplen con los est\u00e1ndares de la industria, sino que tambi\u00e9n estamos certificados por est\u00e1ndares oficiales.<br \/>\nTodas las bater\u00edas de iPhone vienen con recuento de cero ciclos, chip de indicador de gas TI OEM y adhesivo de bater\u00eda preinstalado.<br \/>\nReemplace su bater\u00eda da\u00f1ada o sin cargar con nuestra bater\u00eda de la mejor calidad para su iPhone 12 Pro Max.<br \/>\nInstalaci\u00f3n profesional altamente requerida.<br \/>\nEs una bater\u00eda de repuesto especialmente dise\u00f1ada para iPhone 12 Pro Max.<br \/>\nCapacidad de 3687 mAh.<br \/>\nCompatible con A2342 \/ A2410 \/ A2412 \/ A2411.<\/span><\/p>\n","protected":false},"featured_media":732,"comment_status":"open","ping_status":"closed","template":"","meta":[],"product_cat":[24],"product_tag":[],"_links":{"self":[{"href":"https:\/\/mobilesentrix.com.ar\/index.php\/wp-json\/wp\/v2\/product\/261"}],"collection":[{"href":"https:\/\/mobilesentrix.com.ar\/index.php\/wp-json\/wp\/v2\/product"}],"about":[{"href":"https:\/\/mobilesentrix.com.ar\/index.php\/wp-json\/wp\/v2\/types\/product"}],"replies":[{"embeddable":true,"href":"https:\/\/mobilesentrix.com.ar\/index.php\/wp-json\/wp\/v2\/comments?post=261"}],"wp:featuredmedia":[{"embeddable":true,"href":"https:\/\/mobilesentrix.com.ar\/index.php\/wp-json\/wp\/v2\/media\/732"}],"wp:attachment":[{"href":"https:\/\/mobilesentrix.com.ar\/index.php\/wp-json\/wp\/v2\/media?parent=261"}],"wp:term":[{"taxonomy":"product_cat","embeddable":true,"href":"https:\/\/mobilesentrix.com.ar\/index.php\/wp-json\/wp\/v2\/product_cat?post=261"},{"taxonomy":"product_tag","embeddable":true,"href":"https:\/\/mobilesentrix.com.ar\/index.php\/wp-json\/wp\/v2\/product_tag?post=261"}],"curies":[{"name":"wp","href":"https:\/\/api.w.org\/{rel}","templated":true}]}}