{"id":245,"date":"2023-01-04T08:41:33","date_gmt":"2023-01-04T11:41:33","guid":{"rendered":"https:\/\/mobilesentrix.com.ar\/?post_type=product&#038;p=245"},"modified":"2023-10-21T23:30:30","modified_gmt":"2023-10-22T02:30:30","slug":"bateria-compatible-con-iphone-12-mini-ampsentrix-core","status":"publish","type":"product","link":"https:\/\/mobilesentrix.com.ar\/index.php\/product\/bateria-compatible-con-iphone-12-mini-ampsentrix-core\/","title":{"rendered":"Bater\u00eda compatible con iPhone 12 Mini (AMPSENTRIX CORE)"},"content":{"rendered":"<p><span data-sheets-value=\"{&quot;1&quot;:2,&quot;2&quot;:&quot;Bater\u00eda de repuesto AmpSentrix Core de la mejor calidad para iPhone 12 Mini.\\nAmpSentrix Core le permite reemplazar las bater\u00edas para iPhone 12 Mini y superior sin limitar los datos de salud de la bater\u00eda de su cliente.\\nEn comparaci\u00f3n con otras bater\u00edas, esta bater\u00eda AmpSentrix Core se carga m\u00e1s r\u00e1pido, dura m\u00e1s y tiene una mayor densidad de energ\u00eda para una mayor duraci\u00f3n de la bater\u00eda en un paquete m\u00e1s liviano.\\nNuestras bater\u00edas AmpSentrix Core no solo cumplen con los est\u00e1ndares de la industria, sino que tambi\u00e9n estamos certificados por est\u00e1ndares oficiales.\\nTodas las bater\u00edas AmpSentrix Core vienen con recuento de cero ciclos, chip de indicador de gas TI OEM y adhesivo de bater\u00eda preinstalado.\\nEsta es una bater\u00eda recargable y respetuosa con el medio ambiente.\\nMuy recomendable la instalaci\u00f3n profesional.\\nCompatible con A2176 \/ A2398 \/ A2400 \/ A2399.&quot;}\" data-sheets-userformat=\"{&quot;2&quot;:13309,&quot;3&quot;:{&quot;1&quot;:0},&quot;5&quot;:{&quot;1&quot;:[{&quot;1&quot;:2,&quot;2&quot;:0,&quot;5&quot;:{&quot;1&quot;:2,&quot;2&quot;:0}},{&quot;1&quot;:0,&quot;2&quot;:0,&quot;3&quot;:3},{&quot;1&quot;:1,&quot;2&quot;:0,&quot;4&quot;:1}]},&quot;6&quot;:{&quot;1&quot;:[{&quot;1&quot;:2,&quot;2&quot;:0,&quot;5&quot;:{&quot;1&quot;:2,&quot;2&quot;:0}},{&quot;1&quot;:0,&quot;2&quot;:0,&quot;3&quot;:3},{&quot;1&quot;:1,&quot;2&quot;:0,&quot;4&quot;:1}]},&quot;7&quot;:{&quot;1&quot;:[{&quot;1&quot;:2,&quot;2&quot;:0,&quot;5&quot;:{&quot;1&quot;:2,&quot;2&quot;:0}},{&quot;1&quot;:0,&quot;2&quot;:0,&quot;3&quot;:3},{&quot;1&quot;:1,&quot;2&quot;:0,&quot;4&quot;:1}]},&quot;8&quot;:{&quot;1&quot;:[{&quot;1&quot;:2,&quot;2&quot;:0,&quot;5&quot;:{&quot;1&quot;:2,&quot;2&quot;:0}},{&quot;1&quot;:0,&quot;2&quot;:0,&quot;3&quot;:3},{&quot;1&quot;:1,&quot;2&quot;:0,&quot;4&quot;:1}]},&quot;9&quot;:0,&quot;10&quot;:1,&quot;11&quot;:4,&quot;12&quot;:0,&quot;15&quot;:&quot;Montserrat&quot;,&quot;16&quot;:11}\" data-sheets-textstyleruns=\"{&quot;1&quot;:0}\uee10{&quot;1&quot;:832,&quot;2&quot;:{&quot;5&quot;:1}}\">Bater\u00eda de repuesto AmpSentrix Core de la mejor calidad para iPhone 12 Mini.<br \/>\nAmpSentrix Core le permite reemplazar las bater\u00edas para iPhone 12 Mini y superior sin limitar los datos de salud de la bater\u00eda de su cliente.<br \/>\nEn comparaci\u00f3n con otras bater\u00edas, esta bater\u00eda AmpSentrix Core se carga m\u00e1s r\u00e1pido, dura m\u00e1s y tiene una mayor densidad de energ\u00eda para una mayor duraci\u00f3n de la bater\u00eda en un paquete m\u00e1s liviano.<br \/>\nNuestras bater\u00edas AmpSentrix Core no solo cumplen con los est\u00e1ndares de la industria, sino que tambi\u00e9n estamos certificados por est\u00e1ndares oficiales.<br \/>\nTodas las bater\u00edas AmpSentrix Core vienen con recuento de cero ciclos, chip de indicador de gas TI OEM y adhesivo de bater\u00eda preinstalado.<br \/>\nEsta es una bater\u00eda recargable y respetuosa con el medio ambiente.<br \/>\nMuy recomendable la instalaci\u00f3n profesional.<br \/>\nCompatible con A2176 \/ A2398 \/ A2400 \/ A2399.<\/span><\/p>\n","protected":false},"excerpt":{"rendered":"<p><span data-sheets-value=\"{&quot;1&quot;:2,&quot;2&quot;:&quot;Bater\u00eda de repuesto AmpSentrix Core de la mejor calidad para iPhone 12 Mini.\\nAmpSentrix Core le permite reemplazar las bater\u00edas para iPhone 12 Mini y superior sin limitar los datos de salud de la bater\u00eda de su cliente.\\nEn comparaci\u00f3n con otras bater\u00edas, esta bater\u00eda AmpSentrix Core se carga m\u00e1s r\u00e1pido, dura m\u00e1s y tiene una mayor densidad de energ\u00eda para una mayor duraci\u00f3n de la bater\u00eda en un paquete m\u00e1s liviano.\\nNuestras bater\u00edas AmpSentrix Core no solo cumplen con los est\u00e1ndares de la industria, sino que tambi\u00e9n estamos certificados por est\u00e1ndares oficiales.\\nTodas las bater\u00edas AmpSentrix Core vienen con recuento de cero ciclos, chip de indicador de gas TI OEM y adhesivo de bater\u00eda preinstalado.\\nEsta es una bater\u00eda recargable y respetuosa con el medio ambiente.\\nMuy recomendable la instalaci\u00f3n profesional.\\nCompatible con A2176 \/ A2398 \/ A2400 \/ A2399.&quot;}\" data-sheets-userformat=\"{&quot;2&quot;:13309,&quot;3&quot;:{&quot;1&quot;:0},&quot;5&quot;:{&quot;1&quot;:[{&quot;1&quot;:2,&quot;2&quot;:0,&quot;5&quot;:{&quot;1&quot;:2,&quot;2&quot;:0}},{&quot;1&quot;:0,&quot;2&quot;:0,&quot;3&quot;:3},{&quot;1&quot;:1,&quot;2&quot;:0,&quot;4&quot;:1}]},&quot;6&quot;:{&quot;1&quot;:[{&quot;1&quot;:2,&quot;2&quot;:0,&quot;5&quot;:{&quot;1&quot;:2,&quot;2&quot;:0}},{&quot;1&quot;:0,&quot;2&quot;:0,&quot;3&quot;:3},{&quot;1&quot;:1,&quot;2&quot;:0,&quot;4&quot;:1}]},&quot;7&quot;:{&quot;1&quot;:[{&quot;1&quot;:2,&quot;2&quot;:0,&quot;5&quot;:{&quot;1&quot;:2,&quot;2&quot;:0}},{&quot;1&quot;:0,&quot;2&quot;:0,&quot;3&quot;:3},{&quot;1&quot;:1,&quot;2&quot;:0,&quot;4&quot;:1}]},&quot;8&quot;:{&quot;1&quot;:[{&quot;1&quot;:2,&quot;2&quot;:0,&quot;5&quot;:{&quot;1&quot;:2,&quot;2&quot;:0}},{&quot;1&quot;:0,&quot;2&quot;:0,&quot;3&quot;:3},{&quot;1&quot;:1,&quot;2&quot;:0,&quot;4&quot;:1}]},&quot;9&quot;:0,&quot;10&quot;:1,&quot;11&quot;:4,&quot;12&quot;:0,&quot;15&quot;:&quot;Montserrat&quot;,&quot;16&quot;:11}\" data-sheets-textstyleruns=\"{&quot;1&quot;:0}\uee10{&quot;1&quot;:832,&quot;2&quot;:{&quot;5&quot;:1}}\">Bater\u00eda de repuesto AmpSentrix Core de la mejor calidad para iPhone 12 Mini.<br \/>\nAmpSentrix Core le permite reemplazar las bater\u00edas para iPhone 12 Mini y superior sin limitar los datos de salud de la bater\u00eda de su cliente.<br \/>\nEn comparaci\u00f3n con otras bater\u00edas, esta bater\u00eda AmpSentrix Core se carga m\u00e1s r\u00e1pido, dura m\u00e1s y tiene una mayor densidad de energ\u00eda para una mayor duraci\u00f3n de la bater\u00eda en un paquete m\u00e1s liviano.<br \/>\nNuestras bater\u00edas AmpSentrix Core no solo cumplen con los est\u00e1ndares de la industria, sino que tambi\u00e9n estamos certificados por est\u00e1ndares oficiales.<br \/>\nTodas las bater\u00edas AmpSentrix Core vienen con recuento de cero ciclos, chip de indicador de gas TI OEM y adhesivo de bater\u00eda preinstalado.<br \/>\nEsta es una bater\u00eda recargable y respetuosa con el medio ambiente.<br \/>\nMuy recomendable la instalaci\u00f3n profesional.<br \/>\nCompatible con A2176 \/ A2398 \/ A2400 \/ A2399.<\/span><\/p>\n","protected":false},"featured_media":722,"comment_status":"open","ping_status":"closed","template":"","meta":[],"product_cat":[24],"product_tag":[],"_links":{"self":[{"href":"https:\/\/mobilesentrix.com.ar\/index.php\/wp-json\/wp\/v2\/product\/245"}],"collection":[{"href":"https:\/\/mobilesentrix.com.ar\/index.php\/wp-json\/wp\/v2\/product"}],"about":[{"href":"https:\/\/mobilesentrix.com.ar\/index.php\/wp-json\/wp\/v2\/types\/product"}],"replies":[{"embeddable":true,"href":"https:\/\/mobilesentrix.com.ar\/index.php\/wp-json\/wp\/v2\/comments?post=245"}],"wp:featuredmedia":[{"embeddable":true,"href":"https:\/\/mobilesentrix.com.ar\/index.php\/wp-json\/wp\/v2\/media\/722"}],"wp:attachment":[{"href":"https:\/\/mobilesentrix.com.ar\/index.php\/wp-json\/wp\/v2\/media?parent=245"}],"wp:term":[{"taxonomy":"product_cat","embeddable":true,"href":"https:\/\/mobilesentrix.com.ar\/index.php\/wp-json\/wp\/v2\/product_cat?post=245"},{"taxonomy":"product_tag","embeddable":true,"href":"https:\/\/mobilesentrix.com.ar\/index.php\/wp-json\/wp\/v2\/product_tag?post=245"}],"curies":[{"name":"wp","href":"https:\/\/api.w.org\/{rel}","templated":true}]}}