{"id":185,"date":"2023-01-03T10:51:57","date_gmt":"2023-01-03T13:51:57","guid":{"rendered":"https:\/\/mobilesentrix.com.ar\/?post_type=product&#038;p=185"},"modified":"2026-01-05T13:03:23","modified_gmt":"2026-01-05T16:03:23","slug":"bateria-compatible-con-iphone-xr-ampsentrix","status":"publish","type":"product","link":"https:\/\/mobilesentrix.com.ar\/index.php\/product\/bateria-compatible-con-iphone-xr-ampsentrix\/","title":{"rendered":"Bater\u00eda compatible con iPhone XR (AMPSENTRIX)"},"content":{"rendered":"<p><span data-sheets-value=\"{&quot;1&quot;:2,&quot;2&quot;:&quot;Bater\u00eda de repuesto de la mejor calidad para iPhone XR (Premium).\\nReemplace la bater\u00eda de repuesto da\u00f1ada y que no funciona para iPhone XR con esta nueva.\\nEn comparaci\u00f3n con otras bater\u00edas, esta bater\u00eda de iones de litio se carga m\u00e1s r\u00e1pido, dura m\u00e1s y tiene una mayor densidad de energ\u00eda para una mayor duraci\u00f3n de la bater\u00eda en un paquete m\u00e1s liviano.\\nEsta es una bater\u00eda recargable y respetuosa con el medio ambiente.\\nEs una bater\u00eda de repuesto especialmente dise\u00f1ada para iPhone XR.\\nMuy recomendable la instalaci\u00f3n profesional.\\nCapacidad de 2942 mAh.\\nCompatible con A1984 \/ A2105 \/ A2106 \/ A2107 \/ A2108.&quot;}\" data-sheets-userformat=\"{&quot;2&quot;:13309,&quot;3&quot;:{&quot;1&quot;:0},&quot;5&quot;:{&quot;1&quot;:[{&quot;1&quot;:2,&quot;2&quot;:0,&quot;5&quot;:{&quot;1&quot;:2,&quot;2&quot;:0}},{&quot;1&quot;:0,&quot;2&quot;:0,&quot;3&quot;:3},{&quot;1&quot;:1,&quot;2&quot;:0,&quot;4&quot;:1}]},&quot;6&quot;:{&quot;1&quot;:[{&quot;1&quot;:2,&quot;2&quot;:0,&quot;5&quot;:{&quot;1&quot;:2,&quot;2&quot;:0}},{&quot;1&quot;:0,&quot;2&quot;:0,&quot;3&quot;:3},{&quot;1&quot;:1,&quot;2&quot;:0,&quot;4&quot;:1}]},&quot;7&quot;:{&quot;1&quot;:[{&quot;1&quot;:2,&quot;2&quot;:0,&quot;5&quot;:{&quot;1&quot;:2,&quot;2&quot;:0}},{&quot;1&quot;:0,&quot;2&quot;:0,&quot;3&quot;:3},{&quot;1&quot;:1,&quot;2&quot;:0,&quot;4&quot;:1}]},&quot;8&quot;:{&quot;1&quot;:[{&quot;1&quot;:2,&quot;2&quot;:0,&quot;5&quot;:{&quot;1&quot;:2,&quot;2&quot;:0}},{&quot;1&quot;:0,&quot;2&quot;:0,&quot;3&quot;:3},{&quot;1&quot;:1,&quot;2&quot;:0,&quot;4&quot;:1}]},&quot;9&quot;:0,&quot;10&quot;:1,&quot;11&quot;:4,&quot;12&quot;:0,&quot;15&quot;:&quot;Montserrat&quot;,&quot;16&quot;:11}\" data-sheets-textstyleruns=\"{&quot;1&quot;:0}\uee10{&quot;1&quot;:570,&quot;2&quot;:{&quot;5&quot;:1}}\">Bater\u00eda de repuesto de la mejor calidad para iPhone XR (Premium).<br \/>\nReemplace la bater\u00eda de repuesto da\u00f1ada y que no funciona para iPhone XR con esta nueva.<br \/>\nEn comparaci\u00f3n con otras bater\u00edas, esta bater\u00eda de iones de litio se carga m\u00e1s r\u00e1pido, dura m\u00e1s y tiene una mayor densidad de energ\u00eda para una mayor duraci\u00f3n de la bater\u00eda en un paquete m\u00e1s liviano.<br \/>\nEsta es una bater\u00eda recargable y respetuosa con el medio ambiente.<br \/>\nEs una bater\u00eda de repuesto especialmente dise\u00f1ada para iPhone XR.<br \/>\nMuy recomendable la instalaci\u00f3n profesional.<br \/>\nCapacidad de 2942 mAh.<br \/>\nCompatible con A1984 \/ A2105 \/ A2106 \/ A2107 \/ A2108.<\/span><\/p>\n","protected":false},"excerpt":{"rendered":"<p><span data-sheets-value=\"{&quot;1&quot;:2,&quot;2&quot;:&quot;Bater\u00eda de repuesto de la mejor calidad para iPhone XR (Premium).\\nReemplace la bater\u00eda de repuesto da\u00f1ada y que no funciona para iPhone XR con esta nueva.\\nEn comparaci\u00f3n con otras bater\u00edas, esta bater\u00eda de iones de litio se carga m\u00e1s r\u00e1pido, dura m\u00e1s y tiene una mayor densidad de energ\u00eda para una mayor duraci\u00f3n de la bater\u00eda en un paquete m\u00e1s liviano.\\nEsta es una bater\u00eda recargable y respetuosa con el medio ambiente.\\nEs una bater\u00eda de repuesto especialmente dise\u00f1ada para iPhone XR.\\nMuy recomendable la instalaci\u00f3n profesional.\\nCapacidad de 2942 mAh.\\nCompatible con A1984 \/ A2105 \/ A2106 \/ A2107 \/ A2108.&quot;}\" data-sheets-userformat=\"{&quot;2&quot;:13309,&quot;3&quot;:{&quot;1&quot;:0},&quot;5&quot;:{&quot;1&quot;:[{&quot;1&quot;:2,&quot;2&quot;:0,&quot;5&quot;:{&quot;1&quot;:2,&quot;2&quot;:0}},{&quot;1&quot;:0,&quot;2&quot;:0,&quot;3&quot;:3},{&quot;1&quot;:1,&quot;2&quot;:0,&quot;4&quot;:1}]},&quot;6&quot;:{&quot;1&quot;:[{&quot;1&quot;:2,&quot;2&quot;:0,&quot;5&quot;:{&quot;1&quot;:2,&quot;2&quot;:0}},{&quot;1&quot;:0,&quot;2&quot;:0,&quot;3&quot;:3},{&quot;1&quot;:1,&quot;2&quot;:0,&quot;4&quot;:1}]},&quot;7&quot;:{&quot;1&quot;:[{&quot;1&quot;:2,&quot;2&quot;:0,&quot;5&quot;:{&quot;1&quot;:2,&quot;2&quot;:0}},{&quot;1&quot;:0,&quot;2&quot;:0,&quot;3&quot;:3},{&quot;1&quot;:1,&quot;2&quot;:0,&quot;4&quot;:1}]},&quot;8&quot;:{&quot;1&quot;:[{&quot;1&quot;:2,&quot;2&quot;:0,&quot;5&quot;:{&quot;1&quot;:2,&quot;2&quot;:0}},{&quot;1&quot;:0,&quot;2&quot;:0,&quot;3&quot;:3},{&quot;1&quot;:1,&quot;2&quot;:0,&quot;4&quot;:1}]},&quot;9&quot;:0,&quot;10&quot;:1,&quot;11&quot;:4,&quot;12&quot;:0,&quot;15&quot;:&quot;Montserrat&quot;,&quot;16&quot;:11}\" data-sheets-textstyleruns=\"{&quot;1&quot;:0}\uee10{&quot;1&quot;:570,&quot;2&quot;:{&quot;5&quot;:1}}\">Bater\u00eda de repuesto de la mejor calidad para iPhone XR (Premium).<br \/>\nReemplace la bater\u00eda de repuesto da\u00f1ada y que no funciona para iPhone XR con esta nueva.<br \/>\nEn comparaci\u00f3n con otras bater\u00edas, esta bater\u00eda de iones de litio se carga m\u00e1s r\u00e1pido, dura m\u00e1s y tiene una mayor densidad de energ\u00eda para una mayor duraci\u00f3n de la bater\u00eda en un paquete m\u00e1s liviano.<br \/>\nEsta es una bater\u00eda recargable y respetuosa con el medio ambiente.<br \/>\nEs una bater\u00eda de repuesto especialmente dise\u00f1ada para iPhone XR.<br \/>\nMuy recomendable la instalaci\u00f3n profesional.<br \/>\nCapacidad de 2942 mAh.<br \/>\nCompatible con A1984 \/ A2105 \/ A2106 \/ A2107 \/ A2108.<\/span><\/p>\n","protected":false},"featured_media":679,"comment_status":"open","ping_status":"closed","template":"","meta":[],"product_cat":[24],"product_tag":[],"_links":{"self":[{"href":"https:\/\/mobilesentrix.com.ar\/index.php\/wp-json\/wp\/v2\/product\/185"}],"collection":[{"href":"https:\/\/mobilesentrix.com.ar\/index.php\/wp-json\/wp\/v2\/product"}],"about":[{"href":"https:\/\/mobilesentrix.com.ar\/index.php\/wp-json\/wp\/v2\/types\/product"}],"replies":[{"embeddable":true,"href":"https:\/\/mobilesentrix.com.ar\/index.php\/wp-json\/wp\/v2\/comments?post=185"}],"wp:featuredmedia":[{"embeddable":true,"href":"https:\/\/mobilesentrix.com.ar\/index.php\/wp-json\/wp\/v2\/media\/679"}],"wp:attachment":[{"href":"https:\/\/mobilesentrix.com.ar\/index.php\/wp-json\/wp\/v2\/media?parent=185"}],"wp:term":[{"taxonomy":"product_cat","embeddable":true,"href":"https:\/\/mobilesentrix.com.ar\/index.php\/wp-json\/wp\/v2\/product_cat?post=185"},{"taxonomy":"product_tag","embeddable":true,"href":"https:\/\/mobilesentrix.com.ar\/index.php\/wp-json\/wp\/v2\/product_tag?post=185"}],"curies":[{"name":"wp","href":"https:\/\/api.w.org\/{rel}","templated":true}]}}