{"id":1023,"date":"2023-03-06T15:56:42","date_gmt":"2023-03-06T18:56:42","guid":{"rendered":"https:\/\/mobilesentrix.com.ar\/?post_type=product&#038;p=1023"},"modified":"2023-10-21T23:30:32","modified_gmt":"2023-10-22T02:30:32","slug":"bateria-compatible-con-iphone-7-ampsentrix","status":"publish","type":"product","link":"https:\/\/mobilesentrix.com.ar\/index.php\/product\/bateria-compatible-con-iphone-7-ampsentrix\/","title":{"rendered":"Bater\u00eda compatible con iPhone 7 (AMPSENTRIX)"},"content":{"rendered":"<p><span data-sheets-value=\"{&quot;1&quot;:2,&quot;2&quot;:&quot;Bater\u00eda de repuesto de calidad premium para iPhone 7 Plus.nReemplace su bater\u00eda da\u00f1ada o que no funciona para iPhone 7 Plus por una nueva.nLa bater\u00eda que proporcionamos es recargable y respetuosa con el medio ambiente.nBater\u00eda de larga duraci\u00f3n para iPhone 7 Plus.nMuy recomendable la instalaci\u00f3n profesional.nDise\u00f1o especial Bater\u00eda de alta calidad para iPhone 7 Plus.nCapacidad de 2900 mAh.nCompatible con A1661 \/ A1784 \/ A1785 \/ A1786.&quot;}\" data-sheets-userformat=\"{&quot;2&quot;:13309,&quot;3&quot;:{&quot;1&quot;:0},&quot;5&quot;:{&quot;1&quot;:[{&quot;1&quot;:2,&quot;2&quot;:0,&quot;5&quot;:{&quot;1&quot;:2,&quot;2&quot;:0}},{&quot;1&quot;:0,&quot;2&quot;:0,&quot;3&quot;:3},{&quot;1&quot;:1,&quot;2&quot;:0,&quot;4&quot;:1}]},&quot;6&quot;:{&quot;1&quot;:[{&quot;1&quot;:2,&quot;2&quot;:0,&quot;5&quot;:{&quot;1&quot;:2,&quot;2&quot;:0}},{&quot;1&quot;:0,&quot;2&quot;:0,&quot;3&quot;:3},{&quot;1&quot;:1,&quot;2&quot;:0,&quot;4&quot;:1}]},&quot;7&quot;:{&quot;1&quot;:[{&quot;1&quot;:2,&quot;2&quot;:0,&quot;5&quot;:{&quot;1&quot;:2,&quot;2&quot;:0}},{&quot;1&quot;:0,&quot;2&quot;:0,&quot;3&quot;:3},{&quot;1&quot;:1,&quot;2&quot;:0,&quot;4&quot;:1}]},&quot;8&quot;:{&quot;1&quot;:[{&quot;1&quot;:2,&quot;2&quot;:0,&quot;5&quot;:{&quot;1&quot;:2,&quot;2&quot;:0}},{&quot;1&quot;:0,&quot;2&quot;:0,&quot;3&quot;:3},{&quot;1&quot;:1,&quot;2&quot;:0,&quot;4&quot;:1}]},&quot;9&quot;:0,&quot;10&quot;:1,&quot;11&quot;:4,&quot;12&quot;:0,&quot;15&quot;:&quot;Montserrat&quot;,&quot;16&quot;:11}\" data-sheets-textstyleruns=\"{&quot;1&quot;:0}\uee10{&quot;1&quot;:408,&quot;2&quot;:{&quot;5&quot;:1}}\uee10{&quot;1&quot;:437}\">Bater\u00eda de repuesto de calidad premium para iPhone 7.<br \/>\nReemplace su bater\u00eda da\u00f1ada o que no funciona para iPhone 7 por una nueva.<br \/>\nLa bater\u00eda que proporcionamos es recargable y respetuosa con el medio ambiente.<br \/>\nBater\u00eda de larga duraci\u00f3n para iPhone 7.<br \/>\nMuy recomendable la instalaci\u00f3n profesional.<br \/>\nDise\u00f1o especial Bater\u00eda de alta calidad para iPhone 7.<br \/>\nCapacidad de 1960 mAh.<br \/>\nCompatible con A1660 \/ A1778 \/ A1779 \/ A1780.<\/span><\/p>\n","protected":false},"excerpt":{"rendered":"<p><span data-sheets-value=\"{&quot;1&quot;:2,&quot;2&quot;:&quot;Bater\u00eda de repuesto de calidad premium para iPhone 7 Plus.nReemplace su bater\u00eda da\u00f1ada o que no funciona para iPhone 7 Plus por una nueva.nLa bater\u00eda que proporcionamos es recargable y respetuosa con el medio ambiente.nBater\u00eda de larga duraci\u00f3n para iPhone 7 Plus.nMuy recomendable la instalaci\u00f3n profesional.nDise\u00f1o especial Bater\u00eda de alta calidad para iPhone 7 Plus.nCapacidad de 2900 mAh.nCompatible con A1661 \/ A1784 \/ A1785 \/ A1786.&quot;}\" data-sheets-userformat=\"{&quot;2&quot;:13309,&quot;3&quot;:{&quot;1&quot;:0},&quot;5&quot;:{&quot;1&quot;:[{&quot;1&quot;:2,&quot;2&quot;:0,&quot;5&quot;:{&quot;1&quot;:2,&quot;2&quot;:0}},{&quot;1&quot;:0,&quot;2&quot;:0,&quot;3&quot;:3},{&quot;1&quot;:1,&quot;2&quot;:0,&quot;4&quot;:1}]},&quot;6&quot;:{&quot;1&quot;:[{&quot;1&quot;:2,&quot;2&quot;:0,&quot;5&quot;:{&quot;1&quot;:2,&quot;2&quot;:0}},{&quot;1&quot;:0,&quot;2&quot;:0,&quot;3&quot;:3},{&quot;1&quot;:1,&quot;2&quot;:0,&quot;4&quot;:1}]},&quot;7&quot;:{&quot;1&quot;:[{&quot;1&quot;:2,&quot;2&quot;:0,&quot;5&quot;:{&quot;1&quot;:2,&quot;2&quot;:0}},{&quot;1&quot;:0,&quot;2&quot;:0,&quot;3&quot;:3},{&quot;1&quot;:1,&quot;2&quot;:0,&quot;4&quot;:1}]},&quot;8&quot;:{&quot;1&quot;:[{&quot;1&quot;:2,&quot;2&quot;:0,&quot;5&quot;:{&quot;1&quot;:2,&quot;2&quot;:0}},{&quot;1&quot;:0,&quot;2&quot;:0,&quot;3&quot;:3},{&quot;1&quot;:1,&quot;2&quot;:0,&quot;4&quot;:1}]},&quot;9&quot;:0,&quot;10&quot;:1,&quot;11&quot;:4,&quot;12&quot;:0,&quot;15&quot;:&quot;Montserrat&quot;,&quot;16&quot;:11}\" data-sheets-textstyleruns=\"{&quot;1&quot;:0}\uee10{&quot;1&quot;:408,&quot;2&quot;:{&quot;5&quot;:1}}\uee10{&quot;1&quot;:437}\">Bater\u00eda de repuesto de calidad premium para iPhone 7 Plus.<br \/>\nReemplace su bater\u00eda da\u00f1ada o que no funciona para iPhone 7 Plus por una nueva.<br \/>\nLa bater\u00eda que proporcionamos es recargable y respetuosa con el medio ambiente.<br \/>\nBater\u00eda de larga duraci\u00f3n para iPhone 7 Plus.<br \/>\nMuy recomendable la instalaci\u00f3n profesional.<br \/>\nDise\u00f1o especial Bater\u00eda de alta calidad para iPhone 7 Plus.<br \/>\nCapacidad de 2900 mAh.<br \/>\nCompatible con A1661 \/ A1784 \/ A1785 \/ A1786.<\/span><\/p>\n","protected":false},"featured_media":1024,"comment_status":"open","ping_status":"closed","template":"","meta":[],"product_cat":[24],"product_tag":[],"_links":{"self":[{"href":"https:\/\/mobilesentrix.com.ar\/index.php\/wp-json\/wp\/v2\/product\/1023"}],"collection":[{"href":"https:\/\/mobilesentrix.com.ar\/index.php\/wp-json\/wp\/v2\/product"}],"about":[{"href":"https:\/\/mobilesentrix.com.ar\/index.php\/wp-json\/wp\/v2\/types\/product"}],"replies":[{"embeddable":true,"href":"https:\/\/mobilesentrix.com.ar\/index.php\/wp-json\/wp\/v2\/comments?post=1023"}],"wp:featuredmedia":[{"embeddable":true,"href":"https:\/\/mobilesentrix.com.ar\/index.php\/wp-json\/wp\/v2\/media\/1024"}],"wp:attachment":[{"href":"https:\/\/mobilesentrix.com.ar\/index.php\/wp-json\/wp\/v2\/media?parent=1023"}],"wp:term":[{"taxonomy":"product_cat","embeddable":true,"href":"https:\/\/mobilesentrix.com.ar\/index.php\/wp-json\/wp\/v2\/product_cat?post=1023"},{"taxonomy":"product_tag","embeddable":true,"href":"https:\/\/mobilesentrix.com.ar\/index.php\/wp-json\/wp\/v2\/product_tag?post=1023"}],"curies":[{"name":"wp","href":"https:\/\/api.w.org\/{rel}","templated":true}]}}