{"id":1000,"date":"2023-03-03T16:16:54","date_gmt":"2023-03-03T19:16:54","guid":{"rendered":"https:\/\/mobilesentrix.com.ar\/?post_type=product&#038;p=1000"},"modified":"2023-10-21T23:44:08","modified_gmt":"2023-10-22T02:44:08","slug":"pantalla-lcd-compatible-con-iphone-6-negro-calidad-aftermarket-pro-xo7-incell","status":"publish","type":"product","link":"https:\/\/mobilesentrix.com.ar\/index.php\/product\/pantalla-lcd-compatible-con-iphone-6-negro-calidad-aftermarket-pro-xo7-incell\/","title":{"rendered":"Pantalla LCD compatible con iPhone 6 NEGRO &#8211; Calidad AFTERMARKET PRO: XO7 \/ INCELL"},"content":{"rendered":"<p><span data-sheets-value=\"{&quot;1&quot;:2,&quot;2&quot;:&quot;Pantalla completa LCD con placa metalica pre instalada calidad X07. nLas pantallas XO7 para iPhone utilizan la tecnolog\u00eda LTPS Incell para garantizar las mejores funciones, como pantallas de alta resoluci\u00f3n, experiencia t\u00e1ctil r\u00e1pida y receptiva, temperaturas m\u00e1s bajas y frecuencias de actualizaci\u00f3n m\u00e1s r\u00e1pidas.nTodas las pantallas XO7 vienen con un sello de silicona resistente para mejorar la durabilidad contra ca\u00eddas.nCompatible conA1549 \/ A1586 \/ A1589.nMobileSentrix ofrece garantia de por vida por falla de fabricacion en sus pantallas.&quot;}\" data-sheets-userformat=\"{&quot;2&quot;:13309,&quot;3&quot;:{&quot;1&quot;:0},&quot;5&quot;:{&quot;1&quot;:[{&quot;1&quot;:2,&quot;2&quot;:0,&quot;5&quot;:{&quot;1&quot;:2,&quot;2&quot;:0}},{&quot;1&quot;:0,&quot;2&quot;:0,&quot;3&quot;:3},{&quot;1&quot;:1,&quot;2&quot;:0,&quot;4&quot;:1}]},&quot;6&quot;:{&quot;1&quot;:[{&quot;1&quot;:2,&quot;2&quot;:0,&quot;5&quot;:{&quot;1&quot;:2,&quot;2&quot;:0}},{&quot;1&quot;:0,&quot;2&quot;:0,&quot;3&quot;:3},{&quot;1&quot;:1,&quot;2&quot;:0,&quot;4&quot;:1}]},&quot;7&quot;:{&quot;1&quot;:[{&quot;1&quot;:2,&quot;2&quot;:0,&quot;5&quot;:{&quot;1&quot;:2,&quot;2&quot;:0}},{&quot;1&quot;:0,&quot;2&quot;:0,&quot;3&quot;:3},{&quot;1&quot;:1,&quot;2&quot;:0,&quot;4&quot;:1}]},&quot;8&quot;:{&quot;1&quot;:[{&quot;1&quot;:2,&quot;2&quot;:0,&quot;5&quot;:{&quot;1&quot;:2,&quot;2&quot;:0}},{&quot;1&quot;:0,&quot;2&quot;:0,&quot;3&quot;:3},{&quot;1&quot;:1,&quot;2&quot;:0,&quot;4&quot;:1}]},&quot;9&quot;:0,&quot;10&quot;:1,&quot;11&quot;:4,&quot;12&quot;:0,&quot;15&quot;:&quot;Montserrat&quot;,&quot;16&quot;:11}\" data-sheets-textstyleruns=\"{&quot;1&quot;:0}\uee10{&quot;1&quot;:439,&quot;2&quot;:{&quot;5&quot;:1}}\uee10{&quot;1&quot;:460}\">Pantalla completa LCD con placa metalica pre instalada calidad X07.<br \/>\nLas pantallas XO7 para iPhone utilizan la tecnolog\u00eda LTPS Incell para garantizar las mejores funciones, como pantallas de alta resoluci\u00f3n, experiencia t\u00e1ctil r\u00e1pida y receptiva, temperaturas m\u00e1s bajas y frecuencias de actualizaci\u00f3n m\u00e1s r\u00e1pidas.<br \/>\nTodas las pantallas XO7 vienen con un sello de silicona resistente para mejorar la durabilidad contra ca\u00eddas.<br \/>\nCompatible conA1549 \/ A1586 \/ A1589.<br \/>\nMobileSentrix ofrece garantia de por vida por falla de fabricacion en sus pantallas.<\/span><\/p>\n","protected":false},"excerpt":{"rendered":"<p><span data-sheets-value=\"{&quot;1&quot;:2,&quot;2&quot;:&quot;Pantalla completa LCD con placa metalica pre instalada calidad X07. nLas pantallas XO7 para iPhone utilizan la tecnolog\u00eda LTPS Incell para garantizar las mejores funciones, como pantallas de alta resoluci\u00f3n, experiencia t\u00e1ctil r\u00e1pida y receptiva, temperaturas m\u00e1s bajas y frecuencias de actualizaci\u00f3n m\u00e1s r\u00e1pidas.nTodas las pantallas XO7 vienen con un sello de silicona resistente para mejorar la durabilidad contra ca\u00eddas.nCompatible conA1549 \/ A1586 \/ A1589.nMobileSentrix ofrece garantia de por vida por falla de fabricacion en sus pantallas.&quot;}\" data-sheets-userformat=\"{&quot;2&quot;:13309,&quot;3&quot;:{&quot;1&quot;:0},&quot;5&quot;:{&quot;1&quot;:[{&quot;1&quot;:2,&quot;2&quot;:0,&quot;5&quot;:{&quot;1&quot;:2,&quot;2&quot;:0}},{&quot;1&quot;:0,&quot;2&quot;:0,&quot;3&quot;:3},{&quot;1&quot;:1,&quot;2&quot;:0,&quot;4&quot;:1}]},&quot;6&quot;:{&quot;1&quot;:[{&quot;1&quot;:2,&quot;2&quot;:0,&quot;5&quot;:{&quot;1&quot;:2,&quot;2&quot;:0}},{&quot;1&quot;:0,&quot;2&quot;:0,&quot;3&quot;:3},{&quot;1&quot;:1,&quot;2&quot;:0,&quot;4&quot;:1}]},&quot;7&quot;:{&quot;1&quot;:[{&quot;1&quot;:2,&quot;2&quot;:0,&quot;5&quot;:{&quot;1&quot;:2,&quot;2&quot;:0}},{&quot;1&quot;:0,&quot;2&quot;:0,&quot;3&quot;:3},{&quot;1&quot;:1,&quot;2&quot;:0,&quot;4&quot;:1}]},&quot;8&quot;:{&quot;1&quot;:[{&quot;1&quot;:2,&quot;2&quot;:0,&quot;5&quot;:{&quot;1&quot;:2,&quot;2&quot;:0}},{&quot;1&quot;:0,&quot;2&quot;:0,&quot;3&quot;:3},{&quot;1&quot;:1,&quot;2&quot;:0,&quot;4&quot;:1}]},&quot;9&quot;:0,&quot;10&quot;:1,&quot;11&quot;:4,&quot;12&quot;:0,&quot;15&quot;:&quot;Montserrat&quot;,&quot;16&quot;:11}\" data-sheets-textstyleruns=\"{&quot;1&quot;:0}\uee10{&quot;1&quot;:439,&quot;2&quot;:{&quot;5&quot;:1}}\uee10{&quot;1&quot;:460}\">Pantalla completa LCD con placa metalica pre instalada calidad X07.<br \/>\nLas pantallas XO7 para iPhone utilizan la tecnolog\u00eda LTPS Incell para garantizar las mejores funciones, como pantallas de alta resoluci\u00f3n, experiencia t\u00e1ctil r\u00e1pida y receptiva, temperaturas m\u00e1s bajas y frecuencias de actualizaci\u00f3n m\u00e1s r\u00e1pidas.<br \/>\nTodas las pantallas XO7 vienen con un sello de silicona resistente para mejorar la durabilidad contra ca\u00eddas.<br \/>\nCompatible conA1549 \/ A1586 \/ A1589.<br \/>\nMobileSentrix ofrece garantia de por vida por falla de fabricacion en sus pantallas.<\/span><\/p>\n","protected":false},"featured_media":611,"comment_status":"open","ping_status":"closed","template":"","meta":[],"product_cat":[24],"product_tag":[],"_links":{"self":[{"href":"https:\/\/mobilesentrix.com.ar\/index.php\/wp-json\/wp\/v2\/product\/1000"}],"collection":[{"href":"https:\/\/mobilesentrix.com.ar\/index.php\/wp-json\/wp\/v2\/product"}],"about":[{"href":"https:\/\/mobilesentrix.com.ar\/index.php\/wp-json\/wp\/v2\/types\/product"}],"replies":[{"embeddable":true,"href":"https:\/\/mobilesentrix.com.ar\/index.php\/wp-json\/wp\/v2\/comments?post=1000"}],"wp:featuredmedia":[{"embeddable":true,"href":"https:\/\/mobilesentrix.com.ar\/index.php\/wp-json\/wp\/v2\/media\/611"}],"wp:attachment":[{"href":"https:\/\/mobilesentrix.com.ar\/index.php\/wp-json\/wp\/v2\/media?parent=1000"}],"wp:term":[{"taxonomy":"product_cat","embeddable":true,"href":"https:\/\/mobilesentrix.com.ar\/index.php\/wp-json\/wp\/v2\/product_cat?post=1000"},{"taxonomy":"product_tag","embeddable":true,"href":"https:\/\/mobilesentrix.com.ar\/index.php\/wp-json\/wp\/v2\/product_tag?post=1000"}],"curies":[{"name":"wp","href":"https:\/\/api.w.org\/{rel}","templated":true}]}}